{"id":15938,"date":"2015-02-06T17:38:35","date_gmt":"2015-02-06T16:38:35","guid":{"rendered":"http:\/\/puship.com\/?page_id=15938"},"modified":"2020-07-20T18:21:03","modified_gmt":"2020-07-20T17:21:03","slug":"home-8","status":"publish","type":"page","link":"https:\/\/www.puship.com\/it\/","title":{"rendered":"Home"},"content":{"rendered":"<p>[vc_row row_type=&#8221;row&#8221; type=&#8221;grid&#8221; text_align=&#8221;left&#8221; padding_top=&#8221;110&#8243; padding_bottom=&#8221;34&#8243; background_color=&#8221;#1e1e1e&#8221;][vc_column width=&#8221;1\/3&#8243;]<div class=\"q_pie_chart_with_icon_holder\"><div class=\"q_percentage_with_icon\" data-percent=\"50\" data-linewidth=\"13\" data-active=\"#eeee22\" data-noactive=\"#373737\"><i class=\"fa fa-bullhorn fa-3x\" style=\"color: #ffffff;\"><\/i><\/div><div class=\"pie_chart_text\"><\/div><\/div>[vc_separator type=&#8221;transparent&#8221; position=&#8221;center&#8221; up=&#8221;5&#8243; down=&#8221;0&#8243;][vc_column_text]<\/p>\n<h4 style=\"text-align: center;\"><span style=\"color: #ffffff;\">ASSISTENZA GRATUITA<br \/>\n<\/span><\/h4>\n<p>[\/vc_column_text][vc_separator type=&#8221;small&#8221; position=&#8221;center&#8221; up=&#8221;26&#8243; down=&#8221;24&#8243;][vc_column_text]<\/p>\n<p style=\"text-align: center;\">Offriamo 1 ora di assistenza gratuita via skype per il setup dei marketplace<\/p>\n<p>[\/vc_column_text][vc_separator type=&#8221;transparent&#8221; position=&#8221;center&#8221; up=&#8221;69&#8243; down=&#8221;0&#8243;][\/vc_column][vc_column width=&#8221;1\/3&#8243;]<div class=\"q_pie_chart_with_icon_holder\"><div class=\"q_percentage_with_icon\" data-percent=\"20\" data-linewidth=\"13\" data-active=\"#eeee22\" data-noactive=\"#373737\"><i class=\"fa fa-clock-o fa-3x\" style=\"color: #ffffff;\"><\/i><\/div><div class=\"pie_chart_text\"><\/div><\/div>[vc_separator type=&#8221;transparent&#8221; position=&#8221;center&#8221; up=&#8221;5&#8243; down=&#8221;0&#8243;][vc_column_text]<\/p>\n<h4 style=\"text-align: center;\"><span style=\"color: #ffffff;\">10 MINUTI<br \/>\n<\/span><\/h4>\n<p>[\/vc_column_text][vc_separator type=&#8221;small&#8221; position=&#8221;center&#8221; up=&#8221;26&#8243; down=&#8221;24&#8243;][vc_column_text]<\/p>\n<p style=\"text-align: center;\">Puoi realizzare l&#8217;integrazione tra la tua app e Puship in soli 10 minuti!<\/p>\n<p>[\/vc_column_text][vc_separator type=&#8221;transparent&#8221; position=&#8221;center&#8221; up=&#8221;69&#8243; down=&#8221;0&#8243;][\/vc_column][vc_column width=&#8221;1\/3&#8243;]<div class=\"q_pie_chart_with_icon_holder\"><div class=\"q_percentage_with_icon\" data-percent=\"80\" data-linewidth=\"13\" data-active=\"#eeee22\" data-noactive=\"#373737\"><i class=\"fa fa-calendar-o fa-3x\" style=\"color: #ffffff;\"><\/i><\/div><div class=\"pie_chart_text\"><\/div><\/div>[vc_separator type=&#8221;transparent&#8221; position=&#8221;center&#8221; up=&#8221;5&#8243; down=&#8221;0&#8243;][vc_column_text]<\/p>\n<h4 style=\"text-align: center;\"><span style=\"color: #ffffff;\">PHONEGAP<\/span><\/h4>\n<p>[\/vc_column_text][vc_separator type=&#8221;small&#8221; position=&#8221;center&#8221; up=&#8221;26&#8243; down=&#8221;24&#8243;][vc_column_text]<\/p>\n<p style=\"text-align: center;\">L&#8217;integrazione di Phonegap non \u00e8 mai solo HTML, CSS e Javascript. Oggi con Puship lo \u00e8 davvero.<\/p>\n<p>[\/vc_column_text][vc_separator type=&#8221;transparent&#8221; position=&#8221;center&#8221; up=&#8221;69&#8243; down=&#8221;0&#8243;][\/vc_column][\/vc_row][vc_row row_type=&#8221;row&#8221; type=&#8221;full_width&#8221; text_align=&#8221;left&#8221; padding_top=&#8221;146&#8243; padding_bottom=&#8221;0&#8243; background_color=&#8221;#000000&#8243; use_row_as_full_screen_section=&#8221;no&#8221; background_image_as_pattern=&#8221;without_pattern&#8221;][vc_column width=&#8221;1\/1&#8243;][vc_row_inner row_type=&#8221;row&#8221; type=&#8221;grid&#8221; text_align=&#8221;left&#8221;][vc_column_inner width=&#8221;1\/4&#8243;]<div class=\"q_counter_holder  center\" style=\"\" data-digit=\"2300\"><span class=\"counter  zero\" style=\"\">2300<\/span><span class=\"separator small\" style=\"\"><\/span><p class=\"counter_text\" style=\"\">UTENTI<\/p><\/div>[vc_separator type=&#8221;transparent&#8221; position=&#8221;center&#8221; up=&#8221;99&#8243; down=&#8221;0&#8243;][\/vc_column_inner][vc_column_inner width=&#8221;1\/4&#8243;]<div class=\"q_counter_holder  center\" style=\"\" data-digit=\"3500\"><span class=\"counter  zero\" style=\"\">3500<\/span><span class=\"separator small\" style=\"\"><\/span><p class=\"counter_text\" style=\"\">APPLICAZIONI<\/p><\/div>[vc_separator type=&#8221;transparent&#8221; position=&#8221;center&#8221; up=&#8221;99&#8243; down=&#8221;0&#8243;][\/vc_column_inner][vc_column_inner width=&#8221;1\/4&#8243;]<div class=\"q_counter_holder  center\" style=\"\" data-digit=\"560000\"><span class=\"counter  zero\" style=\"\">560000<\/span><span class=\"separator small\" style=\"\"><\/span><p class=\"counter_text\" style=\"\">PUSH ALL'ORA<\/p><\/div>[vc_separator type=&#8221;transparent&#8221; position=&#8221;center&#8221; up=&#8221;99&#8243; down=&#8221;0&#8243;][\/vc_column_inner][vc_column_inner width=&#8221;1\/4&#8243;]<div class=\"q_counter_holder  center\" style=\"\" data-digit=\"3\"><span class=\"counter  zero\" style=\"\">3<\/span><span class=\"separator small\" style=\"\"><\/span><p class=\"counter_text\" style=\"\">TECNICI DI SUPPORTO<\/p><\/div>[vc_separator type=&#8221;transparent&#8221; position=&#8221;center&#8221; up=&#8221;99&#8243; down=&#8221;0&#8243;][\/vc_column_inner][\/vc_row_inner][\/vc_column][\/vc_row][vc_row row_type=&#8221;row&#8221; type=&#8221;full_width&#8221; text_align=&#8221;left&#8221; background_image=&#8221;16894&#8243; section_height=&#8221;454&#8243; use_row_as_full_screen_section=&#8221;no&#8221; background_image_as_pattern=&#8221;without_pattern&#8221;][vc_column width=&#8221;1\/1&#8243;][vc_separator type=&#8221;transparent&#8221; position=&#8221;center&#8221; up=&#8221;101&#8243; down=&#8221;0&#8243;]<div class=\"custom_font_holder\" style=\"font-family: Oswald; font-size: 40px; line-height: 44px; font-style: normal; font-weight: 400; color: #ffffff; text-decoration: none; letter-spacing: 3px; padding: 0; margin: 0; text-align: center;\">REVIEWS<\/div>[vc_separator type=&#8221;small&#8221; position=&#8221;center&#8221; color=&#8221;#ffffff&#8221; thickness=&#8221;4&#8243; width=&#8221;71&#8243; up=&#8221;35&#8243; down=&#8221;32&#8243;]<div class='testimonials_holder clearfix dark'><div class=\"testimonials testimonials_carousel\" data-show-navigation=\"no\" data-animation-type=\"fade\" data-animation-speed=\"\" data-auto-rotate-slides=\"15\" data-number-per-slide=\"1\"><ul class=\"slides\"><li id=\"testimonials15239\" class=\"testimonial_content\"><div class=\"testimonial_content_inner\"><div class=\"testimonial_text_holder\"><div class=\"testimonial_text_inner\" style=\"color: #ffffff;\"><p style='color:#ffffff;'>Ho sempre considerato complicato l'integrazione tra notifiche push e l'app in Cordova.<br\/>Quando ho scoperto Puship, ho incontrato la semplicit\u00e0.<\/p><p class=\"testimonial_author\" style=\"color: #ffffff;font-weight: 700;color: #ffffff;font-size: 19px;\">Elijah Russel<\/p><\/div><\/div><\/div><\/li><\/ul><\/div><\/div>[vc_separator type=&#8221;transparent&#8221; position=&#8221;center&#8221; up=&#8221;101&#8243; down=&#8221;0&#8243;][\/vc_column][\/vc_row][vc_row row_type=&#8221;row&#8221; type=&#8221;grid&#8221; text_align=&#8221;left&#8221; padding_top=&#8221;132&#8243; padding_bottom=&#8221;34&#8243; background_color=&#8221;#1e1e1e&#8221;][vc_column width=&#8221;1\/2&#8243;][vc_column_text]<\/p>\n<h4><span style=\"color: #ffffff;\">Brand Energy<\/span><\/h4>\n<p>[\/vc_column_text][vc_separator type=&#8221;small&#8221; position=&#8221;left&#8221; up=&#8221;23&#8243; down=&#8221;19&#8243;][vc_column_text]Puship \u00e8 nato nel 2012 dalla volont\u00e0 di un gruppo di informatici di realizzare un gestionale per le notifiche push, semplice quanto potente.<\/p>\n<p>Questa semplicit\u00e0 \u00e8 la nostra missione. Noi lavoriamo per aiutare questi sviluppatori che vogliono usare lo stesso codice per tutte le piattaforme.<\/p>\n<p>Puship \u00e8 un punto di riferimento per tutte le piattaforme. In tutto quello che facciamo, mettiamo lealt\u00e0, onest\u00e0 e integrit\u00e0.[\/vc_column_text][vc_separator type=&#8221;transparent&#8221; position=&#8221;center&#8221; up=&#8221;101&#8243; down=&#8221;0&#8243;][\/vc_column][vc_column width=&#8221;1\/2&#8243;]<div class='q_progress_bar'><h5 class='progress_title_holder clearfix' style='color: #ffffff;'><span class='progress_title'><span>TEMPO RISPARMIATO<\/span><\/span><span class='progress_number' style='color: #ffffff;font-size: 15px;font-weight: 700;'><span>0<\/span>%<\/span><\/h5><div class='progress_content_outer' style='height: 19px;background-color: #373737;'><div data-percentage='80' class='progress_content' style='height: 19px;'><\/div><\/div><\/div>[vc_separator type=&#8221;transparent&#8221; position=&#8221;center&#8221; up=&#8221;47&#8243; down=&#8221;0&#8243;]<div class='q_progress_bar'><h5 class='progress_title_holder clearfix' style='color: #ffffff;'><span class='progress_title'><span>CONOSCENZE NON NECESSARIE<\/span><\/span><span class='progress_number' style='color: #ffffff;font-size: 15px;font-weight: 700;'><span>0<\/span>%<\/span><\/h5><div class='progress_content_outer' style='height: 19px;background-color: #373737;'><div data-percentage='75' class='progress_content' style='height: 19px;'><\/div><\/div><\/div>[vc_separator type=&#8221;transparent&#8221; position=&#8221;center&#8221; up=&#8221;47&#8243; down=&#8221;0&#8243;]<div class='q_progress_bar'><h5 class='progress_title_holder clearfix' style='color: #ffffff;'><span class='progress_title'><span>RISPARMIO RISPETTO I CONCORRENTI<\/span><\/span><span class='progress_number' style='color: #ffffff;font-size: 15px;font-weight: 700;'><span>0<\/span>%<\/span><\/h5><div class='progress_content_outer' style='height: 19px;background-color: #373737;'><div data-percentage='60' class='progress_content' style='height: 19px;'><\/div><\/div><\/div>[vc_separator type=&#8221;transparent&#8221; position=&#8221;center&#8221; up=&#8221;101&#8243; down=&#8221;0&#8243;][\/vc_column][\/vc_row][vc_row row_type=&#8221;row&#8221; use_row_as_full_screen_section=&#8221;no&#8221; type=&#8221;full_width&#8221; text_align=&#8221;left&#8221; background_image_as_pattern=&#8221;without_pattern&#8221; background_color=&#8221;#1e1e1e&#8221; css=&#8221;.vc_custom_1421940752862{background-color: #000000 !important;}&#8221;][vc_column width=&#8221;1\/1&#8243;][qode_pricing_tables columns=&#8221;four_columns&#8221;][qode_pricing_table title=&#8221;FREE&#8221; show_button=&#8221;yes&#8221; active=&#8221;no&#8221; currency=&#8221;\u20ac&#8221; price_period=&#8221;\/MESE&#8221; button_text=&#8221;Entra&#8221; link=&#8221;http:\/\/www.puship.com\/it\/membri\/&#8221;]<\/p>\n<div class=\"pricing-heading\">Inizia una nuova esperienza<\/div>\n<div class=\"pricing-content\">\n<ul class=\"pricing\">\n<li>5 Applicazioni<\/li>\n<li>50 Tags<\/li>\n<li>500.000 Dispositivi<\/li>\n<li>2\u00a0Accessi per clienti<\/li>\n<li>Push Illimitate<\/li>\n<li>NO\u00a0Geo Tags<\/li>\n<li>NO Statistiche<\/li>\n<li>NO Accesso alle API<\/li>\n<li>NO\u00a0Parametri per le Push<\/li>\n<\/ul>\n<\/div>\n<p>[\/qode_pricing_table][qode_pricing_table title=&#8221;PROFESSIONAL&#8221; show_button=&#8221;yes&#8221; active=&#8221;no&#8221; price=&#8221;14.00&#8243; currency=&#8221;\u20ac&#8221; price_period=&#8221;\/MESE&#8221; button_text=&#8221;Entra&#8221; link=&#8221;http:\/\/www.puship.com\/it\/membri\/&#8221;]<\/p>\n<div class=\"pricing-heading\">Perfetto per professionisti<\/div>\n<div class=\"pricing-content\">\n<ul class=\"pricing\">\n<li>20 Applicazioni<\/li>\n<li>500\u00a0Tags<\/li>\n<li>2.000.000 Dispositivi<\/li>\n<li>8\u00a0Accessi per clienti<\/li>\n<li>Push Illimitate<\/li>\n<li>Geo Tags Illimitati<\/li>\n<li>Statistiche<\/li>\n<li>NO Accesso alle API<\/li>\n<li>NO Parametri per le Push<\/li>\n<\/ul>\n<\/div>\n<p>[\/qode_pricing_table][qode_pricing_table title=&#8221;Business&#8221; show_button=&#8221;yes&#8221; active=&#8221;yes&#8221; price=&#8221;29.00&#8243; currency=&#8221;\u20ac&#8221; price_period=&#8221;\/MESE&#8221; button_text=&#8221;Entra&#8221; active_text=&#8221;Miglior Prezzo&#8221; link=&#8221;http:\/\/www.puship.com\/it\/membri\/&#8221;]<\/p>\n<div class=\"pricing-heading\">La soluzione migliore per le societ\u00e0<\/div>\n<div class=\"pricing-content\">\n<ul class=\"pricing\">\n<li>50 Applicazioni<\/li>\n<li>1000\u00a0Tags<\/li>\n<li>6.000.000 Dispositivi<\/li>\n<li>20\u00a0Accessi per clienti<\/li>\n<li>Push Illimitate<\/li>\n<li>Geo Tags Illimitati<\/li>\n<li>Statistiche<\/li>\n<li>Accesso alle API<\/li>\n<li>NO Parametri per le Push<\/li>\n<\/ul>\n<\/div>\n<p>[\/qode_pricing_table][qode_pricing_table title=&#8221;Enterprise&#8221; show_button=&#8221;yes&#8221; active=&#8221;no&#8221; price=&#8221;59.00&#8243; currency=&#8221;\u20ac&#8221; price_period=&#8221;\/MESE&#8221; button_text=&#8221;Entra&#8221; link=&#8221;http:\/\/www.puship.com\/it\/membri\/&#8221;]<\/p>\n<div class=\"pricing-heading\">Ottieni tutti i vantaggi di Puship<\/div>\n<div class=\"pricing-content\">\n<ul class=\"pricing\">\n<li>100 Applicazioni<\/li>\n<li>2000\u00a0Tags<\/li>\n<li>10.000.000 Dispositivi<\/li>\n<li>40\u00a0Accessi per clienti<\/li>\n<li>Push Illimitate<\/li>\n<li>Geo Tags Illimitati<\/li>\n<li>Statistiche<\/li>\n<li>Accesso alle API<\/li>\n<li>Parametri per le Push<\/li>\n<\/ul>\n<\/div>\n<p>[\/qode_pricing_table][\/qode_pricing_tables][\/vc_column][\/vc_row][vc_row][vc_column width=&#8221;1\/1&#8243;]<div class=\"call_to_action  with_background_image\" style=\"background-color: yellow;padding-top: 57px;padding-bottom: 59px;background-image: url(https:\/\/www.puship.com\/wp-content\/uploads\/2014\/06\/pattern.png);background-repeat: repeat;\"><div class=\"container_inner\"><div class=\"two_columns_75_25 clearfix\"><div class=\"text_wrapper column1\"><div class=\"call_to_action_text  font_size_inherit font_weight_inherit\" style=\"font-size:20px;font-weight: 400;\"><span style=\"color: #333333;\">Esplora\u00a0in dettaglio tutti i nostri profili e trova quello che fa al caso tuo.<\/span><\/div><\/div><div class=\"button_wrapper column2\"><a itemprop=\"url\" href=\"http:\/\/www.puship.com\/it\/costi\/\" class=\"qbutton white \" target=\"\" style=\"color: #3d3d3d;border-color: #3d3d3d;\" data-hover-background-color=#3d3d3d data-hover-border-color=#3d3d3d data-hover-color=#ffffff>ESPLORA<\/a><\/div><\/div><\/div><\/div>[\/vc_column][\/vc_row]<\/p>\n","protected":false},"excerpt":{"rendered":"<p>[vc_row row_type=&#8221;row&#8221; type=&#8221;grid&#8221; text_align=&#8221;left&#8221; padding_top=&#8221;110&#8243; padding_bottom=&#8221;34&#8243; background_color=&#8221;#1e1e1e&#8221;][vc_column width=&#8221;1\/3&#8243;][vc_separator type=&#8221;transparent&#8221; position=&#8221;center&#8221; up=&#8221;5&#8243; down=&#8221;0&#8243;][vc_column_text] ASSISTENZA GRATUITA [\/vc_column_text][vc_separator type=&#8221;small&#8221; position=&#8221;center&#8221; up=&#8221;26&#8243; down=&#8221;24&#8243;][vc_column_text] Offriamo 1 ora di assistenza gratuita via skype per il setup dei marketplace [\/vc_column_text][vc_separator type=&#8221;transparent&#8221; position=&#8221;center&#8221; up=&#8221;69&#8243; down=&#8221;0&#8243;][\/vc_column][vc_column width=&#8221;1\/3&#8243;][vc_separator type=&#8221;transparent&#8221; position=&#8221;center&#8221; up=&#8221;5&#8243; down=&#8221;0&#8243;][vc_column_text] 10 MINUTI [\/vc_column_text][vc_separator&#8230;<\/p>\n","protected":false},"author":1,"featured_media":0,"parent":0,"menu_order":0,"comment_status":"closed","ping_status":"open","template":"full_width.php","meta":[],"_links":{"self":[{"href":"https:\/\/www.puship.com\/it\/wp-json\/wp\/v2\/pages\/15938\/"}],"collection":[{"href":"https:\/\/www.puship.com\/it\/wp-json\/wp\/v2\/pages\/"}],"about":[{"href":"https:\/\/www.puship.com\/it\/wp-json\/wp\/v2\/types\/page\/"}],"author":[{"embeddable":true,"href":"https:\/\/www.puship.com\/it\/wp-json\/wp\/v2\/users\/1\/"}],"replies":[{"embeddable":true,"href":"https:\/\/www.puship.com\/it\/wp-json\/wp\/v2\/comments\/?post=15938"}],"version-history":[{"count":30,"href":"https:\/\/www.puship.com\/it\/wp-json\/wp\/v2\/pages\/15938\/revisions\/"}],"predecessor-version":[{"id":18104,"href":"https:\/\/www.puship.com\/it\/wp-json\/wp\/v2\/pages\/15938\/revisions\/18104\/"}],"wp:attachment":[{"href":"https:\/\/www.puship.com\/it\/wp-json\/wp\/v2\/media\/?parent=15938"}],"curies":[{"name":"wp","href":"https:\/\/api.w.org\/{rel}","templated":true}]}}